{"id":50,"date":"2023-10-25T12:56:18","date_gmt":"2023-10-25T10:56:18","guid":{"rendered":"https:\/\/lessecretsdecarolyne.com\/blog\/?page_id=50"},"modified":"2023-10-25T12:56:44","modified_gmt":"2023-10-25T10:56:44","slug":"politique-de-confidentialite-2","status":"publish","type":"page","link":"http:\/\/lessecretsdecarolyne.com\/blog\/politique-de-confidentialite\/","title":{"rendered":"Politique de confidentialit\u00e9"},"content":{"rendered":"<p>\u00c0 l&rsquo;adresse https:\/\/lessecretsdecarolyne.com, nous accordons la priorit\u00e9 \u00e0 la confidentialit\u00e9 de nos visiteurs.<\/p>\n<p>\u00c0 l&rsquo;adresse https:\/\/lessecretsdecarolyne.com, nous comprenons l&rsquo;importance de prot\u00e9ger vos donn\u00e9es personnelles. Vous trouverez ci-dessous des informations sur les types d&rsquo;informations personnelles que nous collectons et utilisons lorsque vous visitez https:\/\/lessecretsdecarolyne.com, ainsi que les mesures que nous prenons pour prot\u00e9ger vos donn\u00e9es. Veuillez noter que nous ne vendons jamais vos donn\u00e9es personnelles \u00e0 des tiers.<\/p>\n<p>Fichiers journaux<br \/>\nComme de nombreux autres sites web, nous collectons et utilisons des informations contenues dans les fichiers journaux. Ces fichiers journaux peuvent inclure votre adresse IP, le fournisseur de services Internet que vous utilisez (par exemple, AOL ou Shaw Cable), le navigateur que vous utilisez pour acc\u00e9der \u00e0 notre site web (par exemple, Internet Explorer ou Firefox), l&rsquo;heure de votre visite et les pages web que vous consultez sur notre site.<\/p>\n<p>Cookies et balises web<br \/>\nNous utilisons des cookies pour stocker des informations, telles que vos pr\u00e9f\u00e9rences personnelles lorsque vous visitez notre site web. Cela peut inclure des param\u00e8tres tels que l&rsquo;affichage de fen\u00eatres contextuelles uniquement une fois lors de votre visite ou l&rsquo;acc\u00e8s \u00e0 des fonctionnalit\u00e9s sp\u00e9cifiques, telles que des forums.<\/p>\n<p>De plus, nous utilisons des services de publicit\u00e9 tiers pour soutenir notre site web. Certains de ces annonceurs peuvent utiliser des cookies et des balises web pour afficher des annonces lorsque vous visitez notre site web. Ces annonceurs, tels que Google via Google AdSense, peuvent collecter des informations, y compris votre adresse IP, votre fournisseur de services Internet, le navigateur que vous utilisez pour acc\u00e9der \u00e0 notre site, et, dans certains cas, si vous avez activ\u00e9 Flash. Cela est principalement dans le but de la g\u00e9olocalisation (par exemple, afficher des annonces immobili\u00e8res de New York \u00e0 quelqu&rsquo;un \u00e0 New York) ou d&rsquo;afficher des annonces li\u00e9es \u00e0 la nourriture \u00e0 quelqu&rsquo;un qui fr\u00e9quente des sites de cuisine.<\/p>\n<p>Cookies DoubleClick DART<br \/>\nNous pouvons utiliser des cookies DoubleClick DART pour diffuser des annonces via Google DoubleClick. Ces cookies sont plac\u00e9s sur votre ordinateur lorsque vous visitez des sites web qui utilisent la publicit\u00e9 DoubleClick (y compris certaines annonces Google AdSense). Les cookies DART sont utilis\u00e9s pour diffuser des annonces adapt\u00e9es \u00e0 vos int\u00e9r\u00eats (appel\u00e9es \u00ab\u00a0ciblage en fonction des int\u00e9r\u00eats\u00a0\u00bb) en fonction de votre historique de navigation (par exemple, si vous avez visit\u00e9 des sites li\u00e9s \u00e0 Las Vegas, vous pouvez voir des annonces d&rsquo;h\u00f4tels \u00e0 Las Vegas lorsque vous consultez des sites non li\u00e9s, tels que des sites de hockey). DART utilise des informations non personnellement identifiables et ne suit ni ne divulgue des informations personnelles vous concernant, telles que votre nom, votre adresse e-mail, votre adresse physique, votre num\u00e9ro de s\u00e9curit\u00e9 sociale, vos num\u00e9ros de compte bancaire ou de carte de cr\u00e9dit.<\/p>\n<p>Vous pouvez choisir de d\u00e9sactiver ou de d\u00e9sactiver s\u00e9lectivement nos cookies ou les cookies tiers dans les param\u00e8tres de votre navigateur ou par le biais d&rsquo;autres programmes logiciels, tels que Norton Internet Security. Cependant, cela peut affecter votre capacit\u00e9 \u00e0 interagir avec notre site et d&rsquo;autres sites web, y compris la possibilit\u00e9 de vous connecter \u00e0 des forums ou \u00e0 des comptes.<\/p>\n<p>Veuillez noter que la d\u00e9sactivation des cookies ne signifie pas que vous \u00eates d\u00e9finitivement exclu de tout programme publicitaire. De plus, si vous avez configur\u00e9 votre navigateur pour interdire l&rsquo;utilisation de cookies lors de la visite de sites web publicitaires, de nouveaux cookies seront tout de m\u00eame plac\u00e9s sur votre ordinateur.<\/p>\n","protected":false},"excerpt":{"rendered":"<p>\u00c0 l&rsquo;adresse https:\/\/lessecretsdecarolyne.com, nous accordons la priorit\u00e9 \u00e0 la confidentialit\u00e9 de nos visiteurs. \u00c0 l&rsquo;adresse https:\/\/lessecretsdecarolyne.com, nous comprenons l&rsquo;importance de prot\u00e9ger vos donn\u00e9es personnelles. Vous trouverez ci-dessous des informations sur les types d&rsquo;informations personnelles que nous collectons et utilisons lorsque vous visitez https:\/\/lessecretsdecarolyne.com, ainsi que les mesures que nous prenons pour prot\u00e9ger vos donn\u00e9es. Veuillez [&hellip;]<\/p>\n","protected":false},"author":1,"featured_media":0,"parent":0,"menu_order":0,"comment_status":"closed","ping_status":"closed","template":"","meta":{"footnotes":""},"yoast_head":"<!-- This site is optimized with the Yoast SEO plugin v21.4 - https:\/\/yoast.com\/wordpress\/plugins\/seo\/ -->\n<title>Politique de confidentialit\u00e9 - Les Secrets De Carolyne<\/title>\n<meta name=\"robots\" content=\"index, follow, max-snippet:-1, max-image-preview:large, max-video-preview:-1\" \/>\n<link rel=\"canonical\" href=\"http:\/\/lessecretsdecarolyne.com\/blog\/politique-de-confidentialite\/\" \/>\n<meta property=\"og:locale\" content=\"fr_FR\" \/>\n<meta property=\"og:type\" content=\"article\" \/>\n<meta property=\"og:title\" content=\"Politique de confidentialit\u00e9 - Les Secrets De Carolyne\" \/>\n<meta property=\"og:description\" content=\"\u00c0 l&rsquo;adresse https:\/\/lessecretsdecarolyne.com, nous accordons la priorit\u00e9 \u00e0 la confidentialit\u00e9 de nos visiteurs. \u00c0 l&rsquo;adresse https:\/\/lessecretsdecarolyne.com, nous comprenons l&rsquo;importance de prot\u00e9ger vos donn\u00e9es personnelles. Vous trouverez ci-dessous des informations sur les types d&rsquo;informations personnelles que nous collectons et utilisons lorsque vous visitez https:\/\/lessecretsdecarolyne.com, ainsi que les mesures que nous prenons pour prot\u00e9ger vos donn\u00e9es. Veuillez [&hellip;]\" \/>\n<meta property=\"og:url\" content=\"http:\/\/lessecretsdecarolyne.com\/blog\/politique-de-confidentialite\/\" \/>\n<meta property=\"og:site_name\" content=\"Les Secrets De Carolyne\" \/>\n<meta property=\"article:modified_time\" content=\"2023-10-25T10:56:44+00:00\" \/>\n<meta name=\"twitter:card\" content=\"summary_large_image\" \/>\n<meta name=\"twitter:label1\" content=\"Dur\u00e9e de lecture estim\u00e9e\" \/>\n\t<meta name=\"twitter:data1\" content=\"3 minutes\" \/>\n<script type=\"application\/ld+json\" class=\"yoast-schema-graph\">{\"@context\":\"https:\/\/schema.org\",\"@graph\":[{\"@type\":\"WebPage\",\"@id\":\"http:\/\/lessecretsdecarolyne.com\/blog\/politique-de-confidentialite\/\",\"url\":\"http:\/\/lessecretsdecarolyne.com\/blog\/politique-de-confidentialite\/\",\"name\":\"Politique de confidentialit\u00e9 - Les Secrets De Carolyne\",\"isPartOf\":{\"@id\":\"https:\/\/lessecretsdecarolyne.com\/blog\/#website\"},\"datePublished\":\"2023-10-25T10:56:18+00:00\",\"dateModified\":\"2023-10-25T10:56:44+00:00\",\"breadcrumb\":{\"@id\":\"http:\/\/lessecretsdecarolyne.com\/blog\/politique-de-confidentialite\/#breadcrumb\"},\"inLanguage\":\"fr-FR\",\"potentialAction\":[{\"@type\":\"ReadAction\",\"target\":[\"http:\/\/lessecretsdecarolyne.com\/blog\/politique-de-confidentialite\/\"]}]},{\"@type\":\"BreadcrumbList\",\"@id\":\"http:\/\/lessecretsdecarolyne.com\/blog\/politique-de-confidentialite\/#breadcrumb\",\"itemListElement\":[{\"@type\":\"ListItem\",\"position\":1,\"name\":\"Home\",\"item\":\"https:\/\/lessecretsdecarolyne.com\/blog\/\"},{\"@type\":\"ListItem\",\"position\":2,\"name\":\"Politique de confidentialit\u00e9\"}]},{\"@type\":\"WebSite\",\"@id\":\"https:\/\/lessecretsdecarolyne.com\/blog\/#website\",\"url\":\"https:\/\/lessecretsdecarolyne.com\/blog\/\",\"name\":\"Les Secrets De Carolyne\",\"description\":\"Blog\",\"potentialAction\":[{\"@type\":\"SearchAction\",\"target\":{\"@type\":\"EntryPoint\",\"urlTemplate\":\"https:\/\/lessecretsdecarolyne.com\/blog\/?s={search_term_string}\"},\"query-input\":\"required name=search_term_string\"}],\"inLanguage\":\"fr-FR\"}]}<\/script>\n<!-- \/ Yoast SEO plugin. -->","yoast_head_json":{"title":"Politique de confidentialit\u00e9 - Les Secrets De Carolyne","robots":{"index":"index","follow":"follow","max-snippet":"max-snippet:-1","max-image-preview":"max-image-preview:large","max-video-preview":"max-video-preview:-1"},"canonical":"http:\/\/lessecretsdecarolyne.com\/blog\/politique-de-confidentialite\/","og_locale":"fr_FR","og_type":"article","og_title":"Politique de confidentialit\u00e9 - Les Secrets De Carolyne","og_description":"\u00c0 l&rsquo;adresse https:\/\/lessecretsdecarolyne.com, nous accordons la priorit\u00e9 \u00e0 la confidentialit\u00e9 de nos visiteurs. \u00c0 l&rsquo;adresse https:\/\/lessecretsdecarolyne.com, nous comprenons l&rsquo;importance de prot\u00e9ger vos donn\u00e9es personnelles. Vous trouverez ci-dessous des informations sur les types d&rsquo;informations personnelles que nous collectons et utilisons lorsque vous visitez https:\/\/lessecretsdecarolyne.com, ainsi que les mesures que nous prenons pour prot\u00e9ger vos donn\u00e9es. Veuillez [&hellip;]","og_url":"http:\/\/lessecretsdecarolyne.com\/blog\/politique-de-confidentialite\/","og_site_name":"Les Secrets De Carolyne","article_modified_time":"2023-10-25T10:56:44+00:00","twitter_card":"summary_large_image","twitter_misc":{"Dur\u00e9e de lecture estim\u00e9e":"3 minutes"},"schema":{"@context":"https:\/\/schema.org","@graph":[{"@type":"WebPage","@id":"http:\/\/lessecretsdecarolyne.com\/blog\/politique-de-confidentialite\/","url":"http:\/\/lessecretsdecarolyne.com\/blog\/politique-de-confidentialite\/","name":"Politique de confidentialit\u00e9 - Les Secrets De Carolyne","isPartOf":{"@id":"https:\/\/lessecretsdecarolyne.com\/blog\/#website"},"datePublished":"2023-10-25T10:56:18+00:00","dateModified":"2023-10-25T10:56:44+00:00","breadcrumb":{"@id":"http:\/\/lessecretsdecarolyne.com\/blog\/politique-de-confidentialite\/#breadcrumb"},"inLanguage":"fr-FR","potentialAction":[{"@type":"ReadAction","target":["http:\/\/lessecretsdecarolyne.com\/blog\/politique-de-confidentialite\/"]}]},{"@type":"BreadcrumbList","@id":"http:\/\/lessecretsdecarolyne.com\/blog\/politique-de-confidentialite\/#breadcrumb","itemListElement":[{"@type":"ListItem","position":1,"name":"Home","item":"https:\/\/lessecretsdecarolyne.com\/blog\/"},{"@type":"ListItem","position":2,"name":"Politique de confidentialit\u00e9"}]},{"@type":"WebSite","@id":"https:\/\/lessecretsdecarolyne.com\/blog\/#website","url":"https:\/\/lessecretsdecarolyne.com\/blog\/","name":"Les Secrets De Carolyne","description":"Blog","potentialAction":[{"@type":"SearchAction","target":{"@type":"EntryPoint","urlTemplate":"https:\/\/lessecretsdecarolyne.com\/blog\/?s={search_term_string}"},"query-input":"required name=search_term_string"}],"inLanguage":"fr-FR"}]}},"_links":{"self":[{"href":"https:\/\/lessecretsdecarolyne.com\/blog\/wp-json\/wp\/v2\/pages\/50"}],"collection":[{"href":"https:\/\/lessecretsdecarolyne.com\/blog\/wp-json\/wp\/v2\/pages"}],"about":[{"href":"https:\/\/lessecretsdecarolyne.com\/blog\/wp-json\/wp\/v2\/types\/page"}],"author":[{"embeddable":true,"href":"https:\/\/lessecretsdecarolyne.com\/blog\/wp-json\/wp\/v2\/users\/1"}],"replies":[{"embeddable":true,"href":"https:\/\/lessecretsdecarolyne.com\/blog\/wp-json\/wp\/v2\/comments?post=50"}],"version-history":[{"count":1,"href":"https:\/\/lessecretsdecarolyne.com\/blog\/wp-json\/wp\/v2\/pages\/50\/revisions"}],"predecessor-version":[{"id":51,"href":"https:\/\/lessecretsdecarolyne.com\/blog\/wp-json\/wp\/v2\/pages\/50\/revisions\/51"}],"wp:attachment":[{"href":"https:\/\/lessecretsdecarolyne.com\/blog\/wp-json\/wp\/v2\/media?parent=50"}],"curies":[{"name":"wp","href":"https:\/\/api.w.org\/{rel}","templated":true}]}}