{"id":54,"date":"2023-10-25T12:59:08","date_gmt":"2023-10-25T10:59:08","guid":{"rendered":"https:\/\/lessecretsdecarolyne.com\/blog\/?page_id=54"},"modified":"2023-10-25T12:59:08","modified_gmt":"2023-10-25T10:59:08","slug":"conditions-dutilisation","status":"publish","type":"page","link":"http:\/\/lessecretsdecarolyne.com\/blog\/conditions-dutilisation\/","title":{"rendered":"Conditions d&rsquo;utilisation"},"content":{"rendered":"<p>S&rsquo;il vous pla\u00eet, examinez attentivement ces d\u00e9tails avant d&rsquo;utiliser les services disponibles sur https:\/\/lessecretsdecarolyne.com.<\/p>\n<p>L&rsquo;acc\u00e8s et l&rsquo;utilisation de ce service sont conditionnels \u00e0 votre accord et \u00e0 votre conformit\u00e9 avec ces termes. Ces termes s&rsquo;appliquent \u00e0 toutes les personnes, y compris les visiteurs, les utilisateurs et tous ceux qui acc\u00e8dent ou utilisent ce service.<\/p>\n<p>En acc\u00e9dant ou en utilisant ce service, vous vous engagez \u00e0 respecter ces termes. Si vous n&rsquo;\u00eates pas d&rsquo;accord avec un aspect de ces termes, nous vous recommandons de cesser d&rsquo;acc\u00e9der \u00e0 ce service.<\/p>\n<p>Droits de propri\u00e9t\u00e9<br \/>\nLe service, ainsi que son contenu original, est la propri\u00e9t\u00e9 intellectuelle de https:\/\/lessecretsdecarolyne.com et du propri\u00e9taire sous licence de ce service. Ce service est prot\u00e9g\u00e9 par des lois sur les droits d&rsquo;auteur, les marques de commerce et d&rsquo;autres lois en Tha\u00eflande et dans d&rsquo;autres pays. L&rsquo;utilisation de nos droits et de nos logos est strictement interdite sans l&rsquo;autorisation de https:\/\/lessecretsdecarolyne.com.<\/p>\n<p>Liens hypertextes vers des sites Web externes<br \/>\nNotre service peut contenir des liens vers des sites Web ou des services tiers qui ne sont ni d\u00e9tenus ni contr\u00f4l\u00e9s par https:\/\/lessecretsdecarolyne.com.<\/p>\n<p>Il est important de noter que https:\/\/lessecretsdecarolyne.com n&rsquo;a pas d&rsquo;autorit\u00e9 sur le contenu, les politiques de confidentialit\u00e9 ou les m\u00e9thodes des sites Web ou des services tiers. Vous reconnaissez et acceptez que https:\/\/lessecretsdecarolyne.com ne saurait \u00eatre tenu responsable de tout type de perte ou de dommage, r\u00e9el ou pr\u00e9sum\u00e9, d\u00e9coulant de l&rsquo;utilisation de contenu, de produits ou de services accessibles par le biais de ces sites Web ou services.<\/p>\n<p>Nous vous recommandons de lire attentivement les conditions d&rsquo;utilisation et les politiques de confidentialit\u00e9 des sites Web ou des services tiers que vous visitez.<\/p>\n<p>R\u00e9siliation<br \/>\nNous nous r\u00e9servons le droit de r\u00e9silier ou de suspendre imm\u00e9diatement votre acc\u00e8s \u00e0 ce service pour quelque raison que ce soit, y compris, mais sans s&rsquo;y limiter, des violations des termes, sans pr\u00e9avis ni responsabilit\u00e9.<\/p>\n<p>En cas de r\u00e9siliation, il est imp\u00e9ratif que vous cessiez imm\u00e9diatement d&rsquo;utiliser le service.<\/p>\n<p>Limitation de responsabilit\u00e9<br \/>\nEn aucun cas https:\/\/lessecretsdecarolyne.com, y compris ses dirigeants, employ\u00e9s, partenaires, agents, associ\u00e9s ou partenaires, ne pourra \u00eatre tenu responsable de dommages indirects, accessoires, sp\u00e9ciaux, cons\u00e9cutifs ou punitifs ou de toute perte ou dommage de quelque nature que ce soit. Cela comprend, sans s&rsquo;y limiter : (i) la perte d&rsquo;acc\u00e8s ou d&rsquo;utilisation, ou l&rsquo;incapacit\u00e9 d&rsquo;acc\u00e9der ou d&rsquo;utiliser le service ; (ii) les actions de toute tierce partie dans le service ; (iii) le contenu obtenu \u00e0 partir du service ; (iv) l&rsquo;acc\u00e8s non autoris\u00e9, l&rsquo;utilisation ou la modification de vos transmissions ou de votre contenu. Que nous ayons \u00e9t\u00e9 pr\u00e9venus ou non de la possibilit\u00e9 de tels dommages, ces circonstances peuvent d\u00e9couler de votre utilisation ou de votre acc\u00e8s au service, que ce soit en termes de contrat, de d\u00e9lit (y compris la n\u00e9gligence) ou de toute autre th\u00e9orie de responsabilit\u00e9.<\/p>\n<p>Aucune garantie<br \/>\nVotre utilisation du service se fait \u00e0 vos propres risques. Le service est fourni sur une base \u00ab\u00a0telle quelle\u00a0\u00bb et \u00ab\u00a0telle que disponible\u00a0\u00bb. Le service est pr\u00e9sent\u00e9 sans aucune forme de garantie, expresse ou implicite, y compris, mais sans s&rsquo;y limiter, les garanties implicites de qualit\u00e9 marchande, d&rsquo;ad\u00e9quation \u00e0 un usage particulier, d&rsquo;absence de contrefa\u00e7on, ou d&rsquo;un certain niveau de performance. https:\/\/lessecretsdecarolyne.com, ses filiales, associ\u00e9s et conc\u00e9dants de licence ne garantissent pas que : (a) le service fonctionnera de mani\u00e8re continue, s\u00e9curis\u00e9e ou sera disponible \u00e0 un moment ou en un lieu particulier ; (b) les erreurs ou les d\u00e9fauts seront corrig\u00e9s ; (c) le service sera exempt de virus ou de composants nuisibles ; ou (d) les r\u00e9sultats de l&rsquo;utilisation du service satisferont \u00e0 vos exigences.<\/p>\n","protected":false},"excerpt":{"rendered":"<p>S&rsquo;il vous pla\u00eet, examinez attentivement ces d\u00e9tails avant d&rsquo;utiliser les services disponibles sur https:\/\/lessecretsdecarolyne.com. L&rsquo;acc\u00e8s et l&rsquo;utilisation de ce service sont conditionnels \u00e0 votre accord et \u00e0 votre conformit\u00e9 avec ces termes. Ces termes s&rsquo;appliquent \u00e0 toutes les personnes, y compris les visiteurs, les utilisateurs et tous ceux qui acc\u00e8dent ou utilisent ce service. En [&hellip;]<\/p>\n","protected":false},"author":1,"featured_media":0,"parent":0,"menu_order":0,"comment_status":"closed","ping_status":"closed","template":"","meta":{"footnotes":""},"yoast_head":"<!-- This site is optimized with the Yoast SEO plugin v21.4 - https:\/\/yoast.com\/wordpress\/plugins\/seo\/ -->\n<title>Conditions d&#039;utilisation - Les Secrets De Carolyne<\/title>\n<meta name=\"robots\" content=\"index, follow, max-snippet:-1, max-image-preview:large, max-video-preview:-1\" \/>\n<link rel=\"canonical\" href=\"http:\/\/lessecretsdecarolyne.com\/blog\/conditions-dutilisation\/\" \/>\n<meta property=\"og:locale\" content=\"fr_FR\" \/>\n<meta property=\"og:type\" content=\"article\" \/>\n<meta property=\"og:title\" content=\"Conditions d&#039;utilisation - Les Secrets De Carolyne\" \/>\n<meta property=\"og:description\" content=\"S&rsquo;il vous pla\u00eet, examinez attentivement ces d\u00e9tails avant d&rsquo;utiliser les services disponibles sur https:\/\/lessecretsdecarolyne.com. L&rsquo;acc\u00e8s et l&rsquo;utilisation de ce service sont conditionnels \u00e0 votre accord et \u00e0 votre conformit\u00e9 avec ces termes. Ces termes s&rsquo;appliquent \u00e0 toutes les personnes, y compris les visiteurs, les utilisateurs et tous ceux qui acc\u00e8dent ou utilisent ce service. En [&hellip;]\" \/>\n<meta property=\"og:url\" content=\"http:\/\/lessecretsdecarolyne.com\/blog\/conditions-dutilisation\/\" \/>\n<meta property=\"og:site_name\" content=\"Les Secrets De Carolyne\" \/>\n<meta name=\"twitter:card\" content=\"summary_large_image\" \/>\n<meta name=\"twitter:label1\" content=\"Dur\u00e9e de lecture estim\u00e9e\" \/>\n\t<meta name=\"twitter:data1\" content=\"4 minutes\" \/>\n<script type=\"application\/ld+json\" class=\"yoast-schema-graph\">{\"@context\":\"https:\/\/schema.org\",\"@graph\":[{\"@type\":\"WebPage\",\"@id\":\"http:\/\/lessecretsdecarolyne.com\/blog\/conditions-dutilisation\/\",\"url\":\"http:\/\/lessecretsdecarolyne.com\/blog\/conditions-dutilisation\/\",\"name\":\"Conditions d'utilisation - Les Secrets De Carolyne\",\"isPartOf\":{\"@id\":\"https:\/\/lessecretsdecarolyne.com\/blog\/#website\"},\"datePublished\":\"2023-10-25T10:59:08+00:00\",\"dateModified\":\"2023-10-25T10:59:08+00:00\",\"breadcrumb\":{\"@id\":\"http:\/\/lessecretsdecarolyne.com\/blog\/conditions-dutilisation\/#breadcrumb\"},\"inLanguage\":\"fr-FR\",\"potentialAction\":[{\"@type\":\"ReadAction\",\"target\":[\"http:\/\/lessecretsdecarolyne.com\/blog\/conditions-dutilisation\/\"]}]},{\"@type\":\"BreadcrumbList\",\"@id\":\"http:\/\/lessecretsdecarolyne.com\/blog\/conditions-dutilisation\/#breadcrumb\",\"itemListElement\":[{\"@type\":\"ListItem\",\"position\":1,\"name\":\"Home\",\"item\":\"https:\/\/lessecretsdecarolyne.com\/blog\/\"},{\"@type\":\"ListItem\",\"position\":2,\"name\":\"Conditions d&#8217;utilisation\"}]},{\"@type\":\"WebSite\",\"@id\":\"https:\/\/lessecretsdecarolyne.com\/blog\/#website\",\"url\":\"https:\/\/lessecretsdecarolyne.com\/blog\/\",\"name\":\"Les Secrets De Carolyne\",\"description\":\"Blog\",\"potentialAction\":[{\"@type\":\"SearchAction\",\"target\":{\"@type\":\"EntryPoint\",\"urlTemplate\":\"https:\/\/lessecretsdecarolyne.com\/blog\/?s={search_term_string}\"},\"query-input\":\"required name=search_term_string\"}],\"inLanguage\":\"fr-FR\"}]}<\/script>\n<!-- \/ Yoast SEO plugin. -->","yoast_head_json":{"title":"Conditions d'utilisation - Les Secrets De Carolyne","robots":{"index":"index","follow":"follow","max-snippet":"max-snippet:-1","max-image-preview":"max-image-preview:large","max-video-preview":"max-video-preview:-1"},"canonical":"http:\/\/lessecretsdecarolyne.com\/blog\/conditions-dutilisation\/","og_locale":"fr_FR","og_type":"article","og_title":"Conditions d'utilisation - Les Secrets De Carolyne","og_description":"S&rsquo;il vous pla\u00eet, examinez attentivement ces d\u00e9tails avant d&rsquo;utiliser les services disponibles sur https:\/\/lessecretsdecarolyne.com. L&rsquo;acc\u00e8s et l&rsquo;utilisation de ce service sont conditionnels \u00e0 votre accord et \u00e0 votre conformit\u00e9 avec ces termes. Ces termes s&rsquo;appliquent \u00e0 toutes les personnes, y compris les visiteurs, les utilisateurs et tous ceux qui acc\u00e8dent ou utilisent ce service. En [&hellip;]","og_url":"http:\/\/lessecretsdecarolyne.com\/blog\/conditions-dutilisation\/","og_site_name":"Les Secrets De Carolyne","twitter_card":"summary_large_image","twitter_misc":{"Dur\u00e9e de lecture estim\u00e9e":"4 minutes"},"schema":{"@context":"https:\/\/schema.org","@graph":[{"@type":"WebPage","@id":"http:\/\/lessecretsdecarolyne.com\/blog\/conditions-dutilisation\/","url":"http:\/\/lessecretsdecarolyne.com\/blog\/conditions-dutilisation\/","name":"Conditions d'utilisation - Les Secrets De Carolyne","isPartOf":{"@id":"https:\/\/lessecretsdecarolyne.com\/blog\/#website"},"datePublished":"2023-10-25T10:59:08+00:00","dateModified":"2023-10-25T10:59:08+00:00","breadcrumb":{"@id":"http:\/\/lessecretsdecarolyne.com\/blog\/conditions-dutilisation\/#breadcrumb"},"inLanguage":"fr-FR","potentialAction":[{"@type":"ReadAction","target":["http:\/\/lessecretsdecarolyne.com\/blog\/conditions-dutilisation\/"]}]},{"@type":"BreadcrumbList","@id":"http:\/\/lessecretsdecarolyne.com\/blog\/conditions-dutilisation\/#breadcrumb","itemListElement":[{"@type":"ListItem","position":1,"name":"Home","item":"https:\/\/lessecretsdecarolyne.com\/blog\/"},{"@type":"ListItem","position":2,"name":"Conditions d&#8217;utilisation"}]},{"@type":"WebSite","@id":"https:\/\/lessecretsdecarolyne.com\/blog\/#website","url":"https:\/\/lessecretsdecarolyne.com\/blog\/","name":"Les Secrets De Carolyne","description":"Blog","potentialAction":[{"@type":"SearchAction","target":{"@type":"EntryPoint","urlTemplate":"https:\/\/lessecretsdecarolyne.com\/blog\/?s={search_term_string}"},"query-input":"required name=search_term_string"}],"inLanguage":"fr-FR"}]}},"_links":{"self":[{"href":"https:\/\/lessecretsdecarolyne.com\/blog\/wp-json\/wp\/v2\/pages\/54"}],"collection":[{"href":"https:\/\/lessecretsdecarolyne.com\/blog\/wp-json\/wp\/v2\/pages"}],"about":[{"href":"https:\/\/lessecretsdecarolyne.com\/blog\/wp-json\/wp\/v2\/types\/page"}],"author":[{"embeddable":true,"href":"https:\/\/lessecretsdecarolyne.com\/blog\/wp-json\/wp\/v2\/users\/1"}],"replies":[{"embeddable":true,"href":"https:\/\/lessecretsdecarolyne.com\/blog\/wp-json\/wp\/v2\/comments?post=54"}],"version-history":[{"count":1,"href":"https:\/\/lessecretsdecarolyne.com\/blog\/wp-json\/wp\/v2\/pages\/54\/revisions"}],"predecessor-version":[{"id":55,"href":"https:\/\/lessecretsdecarolyne.com\/blog\/wp-json\/wp\/v2\/pages\/54\/revisions\/55"}],"wp:attachment":[{"href":"https:\/\/lessecretsdecarolyne.com\/blog\/wp-json\/wp\/v2\/media?parent=54"}],"curies":[{"name":"wp","href":"https:\/\/api.w.org\/{rel}","templated":true}]}}