{"id":56,"date":"2023-10-25T13:01:04","date_gmt":"2023-10-25T11:01:04","guid":{"rendered":"https:\/\/lessecretsdecarolyne.com\/blog\/?page_id=56"},"modified":"2023-10-25T13:01:04","modified_gmt":"2023-10-25T11:01:04","slug":"contactez-nous","status":"publish","type":"page","link":"http:\/\/lessecretsdecarolyne.com\/blog\/contactez-nous\/","title":{"rendered":"Contactez-nous"},"content":{"rendered":"<p>Nous accordons une grande valeur \u00e0 vos commentaires et nous nous r\u00e9jouissons de recevoir vos retours.<\/p>\n<p>Si vous souhaitez nous contacter ou si vous avez des commentaires sur notre site Web, nous vous encourageons \u00e0 nous joindre \u00e0 l&rsquo;adresse \u00e9lectronique indiqu\u00e9e ci-dessous.<\/p>\n<p>Veuillez utiliser une ligne d&rsquo;objet claire dans votre message pour nous aider \u00e0 le distinguer parmi les nombreux courriels que nous recevons quotidiennement. Nous ferons tout notre possible pour vous r\u00e9pondre rapidement.<\/p>\n<p>Vos commentaires, qu&rsquo;il s&rsquo;agisse de critiques ou de commentaires sur notre site Web, sont grandement appr\u00e9ci\u00e9s. N&rsquo;oubliez pas de laisser vos commentaires dans la section des commentaires sous chaque article.<\/p>\n<p>Si vous avez des questions ou des remarques concernant les produits que nous examinons, nous vous demandons gentiment de partager vos r\u00e9flexions dans la section des commentaires appropri\u00e9e. Cela nous permet non seulement de r\u00e9pondre directement, mais aussi de permettre \u00e0 d&rsquo;autres lecteurs de participer \u00e0 la discussion.<\/p>\n<p>Il est important de noter que nous ne vendons ni ne stockons les produits que nous examinons. Si vous rencontrez des probl\u00e8mes d&rsquo;achat, nous vous sugg\u00e9rons de contacter directement le fabricant.<\/p>\n<p>Malheureusement, en raison du grand nombre de demandes que nous recevons, nous ne sommes pas en mesure de r\u00e9pondre aux courriels li\u00e9s \u00e0 l&rsquo;achat de compl\u00e9ments.<\/p>\n<p>Pour plus d&rsquo;informations, n&rsquo;h\u00e9sitez pas \u00e0 nous contacter \u00e0 l&rsquo;adresse \u00e9lectronique suivante :<\/p>\n<p>Contact : info@lessecretsdecarolyne.com.<\/p>\n","protected":false},"excerpt":{"rendered":"<p>Nous accordons une grande valeur \u00e0 vos commentaires et nous nous r\u00e9jouissons de recevoir vos retours. Si vous souhaitez nous contacter ou si vous avez des commentaires sur notre site Web, nous vous encourageons \u00e0 nous joindre \u00e0 l&rsquo;adresse \u00e9lectronique indiqu\u00e9e ci-dessous. Veuillez utiliser une ligne d&rsquo;objet claire dans votre message pour nous aider \u00e0 [&hellip;]<\/p>\n","protected":false},"author":1,"featured_media":0,"parent":0,"menu_order":0,"comment_status":"closed","ping_status":"closed","template":"","meta":{"footnotes":""},"yoast_head":"<!-- This site is optimized with the Yoast SEO plugin v21.4 - https:\/\/yoast.com\/wordpress\/plugins\/seo\/ -->\n<title>Contactez-nous - Les Secrets De Carolyne<\/title>\n<meta name=\"robots\" content=\"index, follow, max-snippet:-1, max-image-preview:large, max-video-preview:-1\" \/>\n<link rel=\"canonical\" href=\"http:\/\/lessecretsdecarolyne.com\/blog\/contactez-nous\/\" \/>\n<meta property=\"og:locale\" content=\"fr_FR\" \/>\n<meta property=\"og:type\" content=\"article\" \/>\n<meta property=\"og:title\" content=\"Contactez-nous - Les Secrets De Carolyne\" \/>\n<meta property=\"og:description\" content=\"Nous accordons une grande valeur \u00e0 vos commentaires et nous nous r\u00e9jouissons de recevoir vos retours. Si vous souhaitez nous contacter ou si vous avez des commentaires sur notre site Web, nous vous encourageons \u00e0 nous joindre \u00e0 l&rsquo;adresse \u00e9lectronique indiqu\u00e9e ci-dessous. Veuillez utiliser une ligne d&rsquo;objet claire dans votre message pour nous aider \u00e0 [&hellip;]\" \/>\n<meta property=\"og:url\" content=\"http:\/\/lessecretsdecarolyne.com\/blog\/contactez-nous\/\" \/>\n<meta property=\"og:site_name\" content=\"Les Secrets De Carolyne\" \/>\n<meta name=\"twitter:card\" content=\"summary_large_image\" \/>\n<meta name=\"twitter:label1\" content=\"Dur\u00e9e de lecture estim\u00e9e\" \/>\n\t<meta name=\"twitter:data1\" content=\"2 minutes\" \/>\n<script type=\"application\/ld+json\" class=\"yoast-schema-graph\">{\"@context\":\"https:\/\/schema.org\",\"@graph\":[{\"@type\":\"WebPage\",\"@id\":\"http:\/\/lessecretsdecarolyne.com\/blog\/contactez-nous\/\",\"url\":\"http:\/\/lessecretsdecarolyne.com\/blog\/contactez-nous\/\",\"name\":\"Contactez-nous - Les Secrets De Carolyne\",\"isPartOf\":{\"@id\":\"https:\/\/lessecretsdecarolyne.com\/blog\/#website\"},\"datePublished\":\"2023-10-25T11:01:04+00:00\",\"dateModified\":\"2023-10-25T11:01:04+00:00\",\"breadcrumb\":{\"@id\":\"http:\/\/lessecretsdecarolyne.com\/blog\/contactez-nous\/#breadcrumb\"},\"inLanguage\":\"fr-FR\",\"potentialAction\":[{\"@type\":\"ReadAction\",\"target\":[\"http:\/\/lessecretsdecarolyne.com\/blog\/contactez-nous\/\"]}]},{\"@type\":\"BreadcrumbList\",\"@id\":\"http:\/\/lessecretsdecarolyne.com\/blog\/contactez-nous\/#breadcrumb\",\"itemListElement\":[{\"@type\":\"ListItem\",\"position\":1,\"name\":\"Home\",\"item\":\"https:\/\/lessecretsdecarolyne.com\/blog\/\"},{\"@type\":\"ListItem\",\"position\":2,\"name\":\"Contactez-nous\"}]},{\"@type\":\"WebSite\",\"@id\":\"https:\/\/lessecretsdecarolyne.com\/blog\/#website\",\"url\":\"https:\/\/lessecretsdecarolyne.com\/blog\/\",\"name\":\"Les Secrets De Carolyne\",\"description\":\"Blog\",\"potentialAction\":[{\"@type\":\"SearchAction\",\"target\":{\"@type\":\"EntryPoint\",\"urlTemplate\":\"https:\/\/lessecretsdecarolyne.com\/blog\/?s={search_term_string}\"},\"query-input\":\"required name=search_term_string\"}],\"inLanguage\":\"fr-FR\"}]}<\/script>\n<!-- \/ Yoast SEO plugin. -->","yoast_head_json":{"title":"Contactez-nous - Les Secrets De Carolyne","robots":{"index":"index","follow":"follow","max-snippet":"max-snippet:-1","max-image-preview":"max-image-preview:large","max-video-preview":"max-video-preview:-1"},"canonical":"http:\/\/lessecretsdecarolyne.com\/blog\/contactez-nous\/","og_locale":"fr_FR","og_type":"article","og_title":"Contactez-nous - Les Secrets De Carolyne","og_description":"Nous accordons une grande valeur \u00e0 vos commentaires et nous nous r\u00e9jouissons de recevoir vos retours. Si vous souhaitez nous contacter ou si vous avez des commentaires sur notre site Web, nous vous encourageons \u00e0 nous joindre \u00e0 l&rsquo;adresse \u00e9lectronique indiqu\u00e9e ci-dessous. Veuillez utiliser une ligne d&rsquo;objet claire dans votre message pour nous aider \u00e0 [&hellip;]","og_url":"http:\/\/lessecretsdecarolyne.com\/blog\/contactez-nous\/","og_site_name":"Les Secrets De Carolyne","twitter_card":"summary_large_image","twitter_misc":{"Dur\u00e9e de lecture estim\u00e9e":"2 minutes"},"schema":{"@context":"https:\/\/schema.org","@graph":[{"@type":"WebPage","@id":"http:\/\/lessecretsdecarolyne.com\/blog\/contactez-nous\/","url":"http:\/\/lessecretsdecarolyne.com\/blog\/contactez-nous\/","name":"Contactez-nous - Les Secrets De Carolyne","isPartOf":{"@id":"https:\/\/lessecretsdecarolyne.com\/blog\/#website"},"datePublished":"2023-10-25T11:01:04+00:00","dateModified":"2023-10-25T11:01:04+00:00","breadcrumb":{"@id":"http:\/\/lessecretsdecarolyne.com\/blog\/contactez-nous\/#breadcrumb"},"inLanguage":"fr-FR","potentialAction":[{"@type":"ReadAction","target":["http:\/\/lessecretsdecarolyne.com\/blog\/contactez-nous\/"]}]},{"@type":"BreadcrumbList","@id":"http:\/\/lessecretsdecarolyne.com\/blog\/contactez-nous\/#breadcrumb","itemListElement":[{"@type":"ListItem","position":1,"name":"Home","item":"https:\/\/lessecretsdecarolyne.com\/blog\/"},{"@type":"ListItem","position":2,"name":"Contactez-nous"}]},{"@type":"WebSite","@id":"https:\/\/lessecretsdecarolyne.com\/blog\/#website","url":"https:\/\/lessecretsdecarolyne.com\/blog\/","name":"Les Secrets De Carolyne","description":"Blog","potentialAction":[{"@type":"SearchAction","target":{"@type":"EntryPoint","urlTemplate":"https:\/\/lessecretsdecarolyne.com\/blog\/?s={search_term_string}"},"query-input":"required name=search_term_string"}],"inLanguage":"fr-FR"}]}},"_links":{"self":[{"href":"https:\/\/lessecretsdecarolyne.com\/blog\/wp-json\/wp\/v2\/pages\/56"}],"collection":[{"href":"https:\/\/lessecretsdecarolyne.com\/blog\/wp-json\/wp\/v2\/pages"}],"about":[{"href":"https:\/\/lessecretsdecarolyne.com\/blog\/wp-json\/wp\/v2\/types\/page"}],"author":[{"embeddable":true,"href":"https:\/\/lessecretsdecarolyne.com\/blog\/wp-json\/wp\/v2\/users\/1"}],"replies":[{"embeddable":true,"href":"https:\/\/lessecretsdecarolyne.com\/blog\/wp-json\/wp\/v2\/comments?post=56"}],"version-history":[{"count":1,"href":"https:\/\/lessecretsdecarolyne.com\/blog\/wp-json\/wp\/v2\/pages\/56\/revisions"}],"predecessor-version":[{"id":57,"href":"https:\/\/lessecretsdecarolyne.com\/blog\/wp-json\/wp\/v2\/pages\/56\/revisions\/57"}],"wp:attachment":[{"href":"https:\/\/lessecretsdecarolyne.com\/blog\/wp-json\/wp\/v2\/media?parent=56"}],"curies":[{"name":"wp","href":"https:\/\/api.w.org\/{rel}","templated":true}]}}